{"id":44,"date":"2024-12-02T16:58:44","date_gmt":"2024-12-02T16:58:44","guid":{"rendered":"https:\/\/sequoiatranslations.com\/?page_id=44"},"modified":"2025-02-11T12:07:02","modified_gmt":"2025-02-11T12:07:02","slug":"behind-the-curtains","status":"publish","type":"page","link":"https:\/\/sequoiatranslations.com\/pt\/behind-the-curtains\/","title":{"rendered":"Sobre mim"},"content":{"rendered":"<div class=\"wp-block-group alignfull has-accent-background-color has-background has-global-padding is-layout-constrained wp-container-core-group-is-layout-669513ed wp-block-group-is-layout-constrained\" style=\"margin-top:0;margin-bottom:0;padding-top:var(--wp--preset--spacing--50);padding-right:var(--wp--preset--spacing--50);padding-bottom:var(--wp--preset--spacing--50);padding-left:var(--wp--preset--spacing--50)\"><div class=\"wp-block-columns alignwide is-layout-flex wp-container-core-columns-is-layout-1da03c2a wp-block-columns-is-layout-flex\"><div class=\"wp-block-column is-vertically-aligned-stretch is-layout-flow wp-block-column-is-layout-flow\" style=\"flex-basis:50%\"><div class=\"wp-block-group is-vertical is-content-justification-stretch is-layout-flex wp-container-core-group-is-layout-444d5ee8 wp-block-group-is-layout-flex\" style=\"min-height:100%\"><p class=\"has-heading-font-family has-x-large-font-size\" style=\"line-height:1.2\">Welcome to sequoia, where precision\u00a0meets passion in the world of specialized translations and language consulting. I&#8217;m Linda, a medical and pharma translator and the heart and mind behind this boutique translation service.<\/p>\n\n<div class=\"wp-block-group has-global-padding is-content-justification-left is-layout-constrained wp-container-core-group-is-layout-9fe8ed88 wp-block-group-is-layout-constrained\"><p class=\"wp-container-content-0733e5d0\"><\/p>\n\n<div class=\"wp-block-buttons is-layout-flex wp-block-buttons-is-layout-flex\"><div class=\"wp-block-button\"><a class=\"wp-block-button__link wp-element-button\">Contact me<\/a><\/div><\/div><\/div><\/div><\/div><\/div><\/div><div class=\"wp-block-group alignfull has-base-background-color has-background has-global-padding is-layout-constrained wp-container-core-group-is-layout-d89aad35 wp-block-group-is-layout-constrained\" style=\"margin-top:0;margin-bottom:0;padding-top:var(--wp--preset--spacing--50);padding-right:var(--wp--preset--spacing--50);padding-bottom:var(--wp--preset--spacing--50);padding-left:var(--wp--preset--spacing--50)\"><div class=\"wp-block-columns alignwide is-layout-flex wp-container-core-columns-is-layout-549b0c86 wp-block-columns-is-layout-flex\"><div class=\"wp-block-column has-global-padding is-content-justification-left is-layout-constrained wp-container-core-column-is-layout-4f15e8fe wp-block-column-is-layout-constrained\" style=\"flex-basis:40%\"><p><\/p><\/div>\n\n<div class=\"wp-block-column is-layout-flow wp-container-core-column-is-layout-119bc444 wp-block-column-is-layout-flow\" style=\"flex-basis:60%\"><p class=\"has-heading-font-family has-x-large-font-size\" style=\"line-height:1.2\">Tal como a poderosa sequoia, que se destaca pela sua for\u00e7a e longevidade, acredito na constru\u00e7\u00e3o de rela\u00e7\u00f5es duradouras com os meus clientes, baseadas na confian\u00e7a, na qualidade e na experi\u00eancia.<\/p>\n\n<div class=\"wp-block-columns is-layout-flex wp-container-core-columns-is-layout-87beb0d0 wp-block-columns-is-layout-flex\"><div class=\"wp-block-column is-layout-flow wp-block-column-is-layout-flow\"><p class=\"wp-container-content-9cfa9a5a\">Com uma aten\u00e7\u00e3o meticulosa ao detalhe e um compromisso inabal\u00e1vel com a excel\u00eancia, elaboro tradu\u00e7\u00f5es que inspiram, elevam e enriquecem a comunica\u00e7\u00e3o global nas \u00e1reas da medicina, economia e ci\u00eancias sociais.<\/p><\/div>\n\n<div class=\"wp-block-column is-layout-flow wp-block-column-is-layout-flow\"><p>Como um exemplo de humanidade na comunica\u00e7\u00e3o, certifico-me de que cada palavra n\u00e3o s\u00f3 transmite significado, como tamb\u00e9m preserva a ess\u00eancia da intera\u00e7\u00e3o e compreens\u00e3o humanas.<\/p><\/div><\/div><\/div><\/div><\/div><div class=\"wp-block-group alignfull has-accent-5-background-color has-background has-global-padding is-layout-constrained wp-container-core-group-is-layout-d89aad35 wp-block-group-is-layout-constrained\" style=\"margin-top:0;margin-bottom:0;padding-top:var(--wp--preset--spacing--50);padding-right:var(--wp--preset--spacing--50);padding-bottom:var(--wp--preset--spacing--50);padding-left:var(--wp--preset--spacing--50)\"><div class=\"wp-block-columns alignwide is-layout-flex wp-container-core-columns-is-layout-1da03c2a wp-block-columns-is-layout-flex\"><div class=\"wp-block-column is-vertically-aligned-center is-layout-flow wp-block-column-is-layout-flow\" style=\"flex-basis:60%\"><figure class=\"wp-block-image size-full is-style-rounded wp-duotone-duotone-1 is-style-rounded--1\"><img loading=\"lazy\" decoding=\"async\" width=\"2560\" height=\"1707\" src=\"https:\/\/sequoiatranslations.com\/wp-content\/uploads\/2025\/02\/PL25702-scaled.jpeg\" alt=\"\" class=\"wp-image-68\" style=\"aspect-ratio:4\/3;object-fit:cover\" srcset=\"https:\/\/sequoiatranslations.com\/wp-content\/uploads\/2025\/02\/PL25702-scaled.jpeg 2560w, https:\/\/sequoiatranslations.com\/wp-content\/uploads\/2025\/02\/PL25702-300x200.jpeg 300w, https:\/\/sequoiatranslations.com\/wp-content\/uploads\/2025\/02\/PL25702-1024x683.jpeg 1024w, https:\/\/sequoiatranslations.com\/wp-content\/uploads\/2025\/02\/PL25702-768x512.jpeg 768w, https:\/\/sequoiatranslations.com\/wp-content\/uploads\/2025\/02\/PL25702-1536x1024.jpeg 1536w, https:\/\/sequoiatranslations.com\/wp-content\/uploads\/2025\/02\/PL25702-2048x1365.jpeg 2048w, https:\/\/sequoiatranslations.com\/wp-content\/uploads\/2025\/02\/PL25702-600x400.jpeg 600w\" sizes=\"auto, (max-width: 2560px) 100vw, 2560px\" \/><\/figure><\/div>\n\n<div class=\"wp-block-column is-layout-flow wp-block-column-is-layout-flow\" style=\"flex-basis:40%\"><h2 class=\"wp-block-heading\">Vamos crescer juntos<\/h2>\n\n<p>Quer necessite da tradu\u00e7\u00e3o de um documento m\u00e9dico complexo, da localiza\u00e7\u00e3o de um relat\u00f3rio econ\u00f3mico ou de aconselhamento estrat\u00e9gico sobre a sua abordagem de comunica\u00e7\u00e3o global, estou dispon\u00edvel para ajudar as suas ideias a criar ra\u00edzes e a florescer em novos territ\u00f3rios lingu\u00edsticos.<\/p>\n\n<div class=\"wp-block-buttons is-layout-flex wp-block-buttons-is-layout-flex\"><div class=\"wp-block-button\"><a class=\"wp-block-button__link wp-element-button\">Os nossos servi\u00e7os<\/a><\/div><\/div><\/div><\/div><\/div><div class=\"wp-block-group alignfull has-base-color has-contrast-background-color has-text-color has-background has-link-color wp-elements-eaba50b4d6ee7feb77b6d300f05cb842 has-global-padding is-layout-constrained wp-container-core-group-is-layout-d89aad35 wp-block-group-is-layout-constrained\" style=\"margin-top:0;margin-bottom:0;padding-top:var(--wp--preset--spacing--50);padding-right:var(--wp--preset--spacing--50);padding-bottom:var(--wp--preset--spacing--50);padding-left:var(--wp--preset--spacing--50)\"><h2 class=\"wp-block-heading alignwide has-base-color has-text-color has-link-color wp-elements-c9b5699bdecff18878afa112249018b5\" style=\"font-size:clamp(4.509rem, 4.509rem + ((1vw - 0.2rem) * 9.152), 10rem);letter-spacing:-0.02em\">FAQ<\/h2>\n\n<div class=\"wp-block-group alignwide is-layout-flow wp-block-group-is-layout-flow\"><hr class=\"wp-block-separator has-text-color has-base-color has-alpha-channel-opacity has-base-background-color has-background is-style-wide\" style=\"margin-top:var(--wp--preset--spacing--30);margin-bottom:var(--wp--preset--spacing--30)\"\/>\n\n<h3 class=\"wp-block-heading alignwide has-base-2-color has-text-color has-link-color wp-elements-3c6952ccfbe488a367347c96c43e1266\">Quem est\u00e1 por detr\u00e1s da Sequoia Translations?<\/h3>\n\n<p class=\"has-contrast-1-color has-text-color has-link-color wp-elements-bdb648aaa46ff265108e3e4fc90fa9f0\">A Sequoia Translations \u00e9 gerida por mim, Linda, tradutora independente e consultora lingu\u00edstica com uma licenciatura em Tradu\u00e7\u00e3o e com o Diploma in Translation, emitido pela CiOL (UK). Sou especializada em tradu\u00e7\u00f5es nas \u00e1reas m\u00e9dica, farmac\u00eautica, econ\u00f3mica e das ci\u00eancias sociais.<\/p>\n\n<hr class=\"wp-block-separator has-text-color has-base-color has-alpha-channel-opacity has-base-background-color has-background is-style-wide\" style=\"margin-top:var(--wp--preset--spacing--30);margin-bottom:var(--wp--preset--spacing--30)\"\/>\n\n<h3 class=\"wp-block-heading alignwide has-base-2-color has-text-color has-link-color wp-elements-d253cc8459f34689c9f0337098bd860b\">Com que l\u00ednguas trabalhamos?<\/h3>\n\n<p class=\"has-contrast-1-color has-text-color has-link-color wp-elements-4c6fb57358f86c8692837c4b0c3d1eb6\">Trabalho principalmente com tradu\u00e7\u00f5es do ingl\u00eas, alem\u00e3o e espanhol para portugu\u00eas (Portugal). Para outros pares lingu\u00edsticos, contacte-me para analisarmos as suas necessidades espec\u00edficas.<\/p>\n\n<hr class=\"wp-block-separator has-text-color has-base-color has-alpha-channel-opacity has-base-background-color has-background is-style-wide\" style=\"margin-top:var(--wp--preset--spacing--30);margin-bottom:var(--wp--preset--spacing--30)\"\/>\n\n<h3 class=\"wp-block-heading alignwide has-base-2-color has-text-color has-link-color wp-elements-a83bb4df218df3b18245d3fb0f684067\">Que tipos de documentos traduzem?<\/h3>\n\n<p class=\"has-contrast-1-color has-text-color has-link-color wp-elements-b9098526b4e6c8cb5ab5726899a48c3d\">Traduzo um leque alargado de documentos especializados, incluindo:<\/p>\n\n<ul class=\"wp-block-list\"><li>Documenta\u00e7\u00e3o regulamentar e de conformidade<\/li>\n\n<li>Documentos m\u00e9dicos e farmac\u00eauticos: documenta\u00e7\u00e3o de ensaios cl\u00ednicos, r\u00f3tulos de medicamentos, folhetos informativos<\/li>\n\n<li>Documentos econ\u00f3micos e financeiros: pol\u00edticas econ\u00f3micas, relat\u00f3rios financeiros, estudos de mercado<\/li>\n\n<li>Ci\u00eancias Sociais: artigos de investiga\u00e7\u00e3o, inqu\u00e9ritos, publica\u00e7\u00f5es acad\u00e9micas<\/li><\/ul>\n\n<p><\/p>\n\n<hr class=\"wp-block-separator has-text-color has-base-color has-alpha-channel-opacity has-base-background-color has-background is-style-wide\" style=\"margin-top:var(--wp--preset--spacing--30);margin-bottom:var(--wp--preset--spacing--30)\"\/>\n\n<h3 class=\"wp-block-heading alignwide has-base-2-color has-text-color has-link-color wp-elements-9ab467ce5e5306d432fd23762853c395\">Oferecem servi\u00e7os de consultoria lingu\u00edstica?<\/h3>\n\n<p class=\"has-contrast-1-color has-text-color has-link-color wp-elements-921c44d3e4e31ba19bcb5198b3cea0ee\">Sim! Presto servi\u00e7os de consultoria lingu\u00edstica que incluem estrat\u00e9gias de comunica\u00e7\u00e3o multil\u00edngue, gest\u00e3o terminol\u00f3gica, otimiza\u00e7\u00e3o de processos de tradu\u00e7\u00e3o e consultoria em adapta\u00e7\u00e3o cultural.<\/p>\n\n<h3 class=\"wp-block-heading alignwide has-base-2-color has-text-color has-link-color wp-elements-99ab41194a5c1ec22d552791c247bfbc\">T\u00eam refer\u00eancias?<\/h3>\n\n<p class=\"has-contrast-1-color has-text-color has-link-color wp-elements-767aaabcb90c52a42950cac7affc622b\">Sim, muitas! Posso fornecer os meus certificados\/diplomas e CV mediante pedido.<\/p>\n\n<div style=\"margin-top:var(--wp--preset--spacing--10);margin-bottom:0;height:var(--wp--preset--spacing--10)\" aria-hidden=\"true\" class=\"wp-block-spacer\"><\/div><\/div><\/div><div class=\"wp-block-group alignfull has-global-padding is-layout-constrained wp-container-core-group-is-layout-d89aad35 wp-block-group-is-layout-constrained\" style=\"margin-top:0;margin-bottom:0;padding-top:var(--wp--preset--spacing--50);padding-right:var(--wp--preset--spacing--50);padding-bottom:var(--wp--preset--spacing--50);padding-left:var(--wp--preset--spacing--50)\"><div class=\"wp-block-columns alignwide are-vertically-aligned-center is-layout-flex wp-container-core-columns-is-layout-47c06fe3 wp-block-columns-is-layout-flex\"><div class=\"wp-block-column is-vertically-aligned-center is-layout-flow wp-block-column-is-layout-flow\" style=\"flex-basis:50%\"><h2 class=\"wp-block-heading\">Al\u00e9m da tradu\u00e7\u00e3o<\/h2>\n\n<p>Quando n\u00e3o estou imersa no mundo das palavras e l\u00ednguas, pode encontrar-me a explorar o rico patrim\u00f3nio cultural de Portugal, a passear o meu c\u00e3o Raul \u00e0 beira-mar ou a desfrutar da minha paix\u00e3o pela m\u00fasica.<\/p>\n\n<div class=\"wp-block-buttons is-layout-flex wp-block-buttons-is-layout-flex\"><div class=\"wp-block-button\"><a class=\"wp-block-button__link wp-element-button\">Contact me<\/a><\/div>\n\n<\/div><\/div>\n\n<div class=\"wp-block-column is-vertically-aligned-center is-layout-flow wp-block-column-is-layout-flow\" style=\"flex-basis:50%\"><\/div><\/div><\/div>","protected":false},"excerpt":{"rendered":"<p>Welcome to sequoia, where precision\u00a0meets passion in the world of specialized translations and language consulting. I&#8217;m Linda, a medical and pharma translator and the heart and mind behind this boutique translation service. Like the mighty sequoia tree, known for its strength and longevity, I believe in building lasting relationships with my clients based on trust, [&hellip;]<\/p>","protected":false},"author":1,"featured_media":0,"parent":0,"menu_order":0,"comment_status":"closed","ping_status":"closed","template":"","meta":{"footnotes":""},"class_list":["post-44","page","type-page","status-publish","hentry"],"yoast_head":"<!-- This site is optimized with the Yoast SEO plugin v23.9 - https:\/\/yoast.com\/wordpress\/plugins\/seo\/ -->\n<title>About me - sequoia<\/title>\n<meta name=\"description\" content=\"Sequoia Translations specializing in medical, pharmaceutical, and social sciences translations. Trust, quality, and excellence\u2014let\u2019s grow together!\" \/>\n<meta name=\"robots\" content=\"index, follow, max-snippet:-1, max-image-preview:large, max-video-preview:-1\" \/>\n<link rel=\"canonical\" href=\"https:\/\/sequoiatranslations.com\/pt\/behind-the-curtains\/\" \/>\n<meta property=\"og:locale\" content=\"pt_PT\" \/>\n<meta property=\"og:type\" content=\"article\" \/>\n<meta property=\"og:title\" content=\"About me - sequoia\" \/>\n<meta property=\"og:description\" content=\"Sequoia Translations specializing in medical, pharmaceutical, and social sciences translations. Trust, quality, and excellence\u2014let\u2019s grow together!\" \/>\n<meta property=\"og:url\" content=\"https:\/\/sequoiatranslations.com\/pt\/behind-the-curtains\/\" \/>\n<meta property=\"og:site_name\" content=\"sequoia\" \/>\n<meta property=\"article:modified_time\" content=\"2025-02-11T12:07:02+00:00\" \/>\n<meta property=\"og:image\" content=\"https:\/\/sequoiatranslations.com\/wp-content\/uploads\/2025\/02\/PL25702-scaled.jpeg\" \/>\n\t<meta property=\"og:image:width\" content=\"2560\" \/>\n\t<meta property=\"og:image:height\" content=\"1707\" \/>\n\t<meta property=\"og:image:type\" content=\"image\/jpeg\" \/>\n<meta name=\"twitter:card\" content=\"summary_large_image\" \/>\n<meta name=\"twitter:label1\" content=\"Tempo estimado de leitura\" \/>\n\t<meta name=\"twitter:data1\" content=\"2 minutos\" \/>\n<script type=\"application\/ld+json\" class=\"yoast-schema-graph\">{\"@context\":\"https:\/\/schema.org\",\"@graph\":[{\"@type\":\"WebPage\",\"@id\":\"https:\/\/sequoiatranslations.com\/behind-the-curtains\/\",\"url\":\"https:\/\/sequoiatranslations.com\/behind-the-curtains\/\",\"name\":\"About me - sequoia\",\"isPartOf\":{\"@id\":\"https:\/\/sequoiatranslations-ffc18c.ingress-florina.ewp.live\/#website\"},\"primaryImageOfPage\":{\"@id\":\"https:\/\/sequoiatranslations.com\/behind-the-curtains\/#primaryimage\"},\"image\":{\"@id\":\"https:\/\/sequoiatranslations.com\/behind-the-curtains\/#primaryimage\"},\"thumbnailUrl\":\"https:\/\/sequoiatranslations.com\/wp-content\/uploads\/2025\/02\/PL25702-scaled.jpeg\",\"datePublished\":\"2024-12-02T16:58:44+00:00\",\"dateModified\":\"2025-02-11T12:07:02+00:00\",\"description\":\"Sequoia Translations specializing in medical, pharmaceutical, and social sciences translations. Trust, quality, and excellence\u2014let\u2019s grow together!\",\"breadcrumb\":{\"@id\":\"https:\/\/sequoiatranslations.com\/behind-the-curtains\/#breadcrumb\"},\"inLanguage\":\"pt-PT\",\"potentialAction\":[{\"@type\":\"ReadAction\",\"target\":[\"https:\/\/sequoiatranslations.com\/behind-the-curtains\/\"]}]},{\"@type\":\"ImageObject\",\"inLanguage\":\"pt-PT\",\"@id\":\"https:\/\/sequoiatranslations.com\/behind-the-curtains\/#primaryimage\",\"url\":\"https:\/\/sequoiatranslations.com\/wp-content\/uploads\/2025\/02\/PL25702-scaled.jpeg\",\"contentUrl\":\"https:\/\/sequoiatranslations.com\/wp-content\/uploads\/2025\/02\/PL25702-scaled.jpeg\"},{\"@type\":\"BreadcrumbList\",\"@id\":\"https:\/\/sequoiatranslations.com\/behind-the-curtains\/#breadcrumb\",\"itemListElement\":[{\"@type\":\"ListItem\",\"position\":1,\"name\":\"Home\",\"item\":\"https:\/\/sequoiatranslations-ffc18c.ingress-florina.ewp.live\/\"},{\"@type\":\"ListItem\",\"position\":2,\"name\":\"About me\"}]},{\"@type\":\"WebSite\",\"@id\":\"https:\/\/sequoiatranslations-ffc18c.ingress-florina.ewp.live\/#website\",\"url\":\"https:\/\/sequoiatranslations-ffc18c.ingress-florina.ewp.live\/\",\"name\":\"sequoia\",\"description\":\"rooted in excellence\",\"potentialAction\":[{\"@type\":\"SearchAction\",\"target\":{\"@type\":\"EntryPoint\",\"urlTemplate\":\"https:\/\/sequoiatranslations-ffc18c.ingress-florina.ewp.live\/?s={search_term_string}\"},\"query-input\":{\"@type\":\"PropertyValueSpecification\",\"valueRequired\":true,\"valueName\":\"search_term_string\"}}],\"inLanguage\":\"pt-PT\"}]}<\/script>\n<!-- \/ Yoast SEO plugin. -->","yoast_head_json":{"title":"About me - sequoia","description":"Sequoia Translations specializing in medical, pharmaceutical, and social sciences translations. Trust, quality, and excellence\u2014let\u2019s grow together!","robots":{"index":"index","follow":"follow","max-snippet":"max-snippet:-1","max-image-preview":"max-image-preview:large","max-video-preview":"max-video-preview:-1"},"canonical":"https:\/\/sequoiatranslations.com\/pt\/behind-the-curtains\/","og_locale":"pt_PT","og_type":"article","og_title":"About me - sequoia","og_description":"Sequoia Translations specializing in medical, pharmaceutical, and social sciences translations. Trust, quality, and excellence\u2014let\u2019s grow together!","og_url":"https:\/\/sequoiatranslations.com\/pt\/behind-the-curtains\/","og_site_name":"sequoia","article_modified_time":"2025-02-11T12:07:02+00:00","og_image":[{"width":2560,"height":1707,"url":"https:\/\/sequoiatranslations.com\/wp-content\/uploads\/2025\/02\/PL25702-scaled.jpeg","type":"image\/jpeg"}],"twitter_card":"summary_large_image","twitter_misc":{"Tempo estimado de leitura":"2 minutos"},"schema":{"@context":"https:\/\/schema.org","@graph":[{"@type":"WebPage","@id":"https:\/\/sequoiatranslations.com\/behind-the-curtains\/","url":"https:\/\/sequoiatranslations.com\/behind-the-curtains\/","name":"About me - sequoia","isPartOf":{"@id":"https:\/\/sequoiatranslations-ffc18c.ingress-florina.ewp.live\/#website"},"primaryImageOfPage":{"@id":"https:\/\/sequoiatranslations.com\/behind-the-curtains\/#primaryimage"},"image":{"@id":"https:\/\/sequoiatranslations.com\/behind-the-curtains\/#primaryimage"},"thumbnailUrl":"https:\/\/sequoiatranslations.com\/wp-content\/uploads\/2025\/02\/PL25702-scaled.jpeg","datePublished":"2024-12-02T16:58:44+00:00","dateModified":"2025-02-11T12:07:02+00:00","description":"Sequoia Translations specializing in medical, pharmaceutical, and social sciences translations. Trust, quality, and excellence\u2014let\u2019s grow together!","breadcrumb":{"@id":"https:\/\/sequoiatranslations.com\/behind-the-curtains\/#breadcrumb"},"inLanguage":"pt-PT","potentialAction":[{"@type":"ReadAction","target":["https:\/\/sequoiatranslations.com\/behind-the-curtains\/"]}]},{"@type":"ImageObject","inLanguage":"pt-PT","@id":"https:\/\/sequoiatranslations.com\/behind-the-curtains\/#primaryimage","url":"https:\/\/sequoiatranslations.com\/wp-content\/uploads\/2025\/02\/PL25702-scaled.jpeg","contentUrl":"https:\/\/sequoiatranslations.com\/wp-content\/uploads\/2025\/02\/PL25702-scaled.jpeg"},{"@type":"BreadcrumbList","@id":"https:\/\/sequoiatranslations.com\/behind-the-curtains\/#breadcrumb","itemListElement":[{"@type":"ListItem","position":1,"name":"Home","item":"https:\/\/sequoiatranslations-ffc18c.ingress-florina.ewp.live\/"},{"@type":"ListItem","position":2,"name":"About me"}]},{"@type":"WebSite","@id":"https:\/\/sequoiatranslations-ffc18c.ingress-florina.ewp.live\/#website","url":"https:\/\/sequoiatranslations-ffc18c.ingress-florina.ewp.live\/","name":"sequoia","description":"rooted in excellence","potentialAction":[{"@type":"SearchAction","target":{"@type":"EntryPoint","urlTemplate":"https:\/\/sequoiatranslations-ffc18c.ingress-florina.ewp.live\/?s={search_term_string}"},"query-input":{"@type":"PropertyValueSpecification","valueRequired":true,"valueName":"search_term_string"}}],"inLanguage":"pt-PT"}]}},"_links":{"self":[{"href":"https:\/\/sequoiatranslations.com\/pt\/wp-json\/wp\/v2\/pages\/44","targetHints":{"allow":["GET"]}}],"collection":[{"href":"https:\/\/sequoiatranslations.com\/pt\/wp-json\/wp\/v2\/pages"}],"about":[{"href":"https:\/\/sequoiatranslations.com\/pt\/wp-json\/wp\/v2\/types\/page"}],"author":[{"embeddable":true,"href":"https:\/\/sequoiatranslations.com\/pt\/wp-json\/wp\/v2\/users\/1"}],"replies":[{"embeddable":true,"href":"https:\/\/sequoiatranslations.com\/pt\/wp-json\/wp\/v2\/comments?post=44"}],"version-history":[{"count":5,"href":"https:\/\/sequoiatranslations.com\/pt\/wp-json\/wp\/v2\/pages\/44\/revisions"}],"predecessor-version":[{"id":85,"href":"https:\/\/sequoiatranslations.com\/pt\/wp-json\/wp\/v2\/pages\/44\/revisions\/85"}],"wp:attachment":[{"href":"https:\/\/sequoiatranslations.com\/pt\/wp-json\/wp\/v2\/media?parent=44"}],"curies":[{"name":"wp","href":"https:\/\/api.w.org\/{rel}","templated":true}]}}